{"id":105,"date":"2019-04-02T22:49:17","date_gmt":"2019-04-02T22:49:17","guid":{"rendered":"http:\/\/sinergiared.com\/grupokin\/?page_id=105"},"modified":"2019-10-05T22:08:38","modified_gmt":"2019-10-06T04:08:38","slug":"ixtal","status":"publish","type":"page","link":"https:\/\/grupokin.com.gt\/grupokin\/ixtal\/","title":{"rendered":"Ixtal"},"content":{"rendered":"<p>[et_pb_section bb_built=\u00bb1&#8243; fullwidth=\u00bbon\u00bb _builder_version=\u00bb3.20.2&#8243; next_background_color=\u00bb#000000&#8243;][et_pb_fullwidth_menu menu_id=\u00bb7&#8243; fullwidth_menu=\u00bbon\u00bb dropdown_menu_bg_color=\u00bb#89a3ca\u00bb _builder_version=\u00bb3.20.2&#8243; menu_font=\u00bbChivo|600|||||||\u00bb menu_text_color=\u00bb#ffffff\u00bb menu_font_size=\u00bb17px\u00bb background_color=\u00bbrgba(0,65,135,0)\u00bb text_orientation=\u00bbright\u00bb custom_margin=\u00bb0px||-106px\u00bb custom_padding=\u00bb0px||0px\u00bb menu_text_color__hover=\u00bb#ffffff\u00bb]<\/p>\n<p>[\/et_pb_fullwidth_menu][\/et_pb_section][et_pb_section bb_built=\u00bb1&#8243; _builder_version=\u00bb3.20.2&#8243; use_background_color_gradient=\u00bbon\u00bb background_color_gradient_start=\u00bbrgba(0,0,0,0.32)\u00bb background_color_gradient_end=\u00bbrgba(0,0,0,0.32)\u00bb background_color_gradient_overlays_image=\u00bbon\u00bb background_image=\u00bb\/grupokin\/wp-content\/uploads\/2019\/05\/12458963.jpg\u00bb background_position=\u00bbbottom_left\u00bb custom_margin=\u00bb-50px||\u00bb custom_padding=\u00bb156px|0px|214px|0px|false|false\u00bb prev_background_color=\u00bb#ffffff\u00bb next_background_color=\u00bb#ffffff\u00bb][et_pb_row make_fullwidth=\u00bbon\u00bb use_custom_gutter=\u00bbon\u00bb gutter_width=\u00bb1&#8243; _builder_version=\u00bb3.20.2&#8243; background_color=\u00bbrgba(255,255,255,0.75)\u00bb][et_pb_column type=\u00bb4_4&#8243;][et_pb_image src=\u00bb\/grupokin\/wp-content\/uploads\/2019\/05\/1-2.png\u00bb _builder_version=\u00bb3.20.2&#8243; max_width=\u00bb27%\u00bb module_alignment=\u00bbleft\u00bb custom_margin=\u00bb|||\u00bb custom_padding=\u00bb|||8%\u00bb]<\/p>\n<p>[\/et_pb_image][\/et_pb_column][\/et_pb_row][\/et_pb_section][et_pb_section bb_built=\u00bb1&#8243; admin_label=\u00bbCase Study Text\u00bb _builder_version=\u00bb3.0.83&#8243; custom_margin=\u00bb|||\u00bb custom_padding=\u00bb111px||84px||false|false\u00bb prev_background_color=\u00bb#000000&#8243; next_background_color=\u00bb#000000&#8243;][et_pb_row _builder_version=\u00bb3.20.2&#8243;][et_pb_column type=\u00bb3_5&#8243;][et_pb_text _builder_version=\u00bb3.20.2&#8243; text_font=\u00bbChivo||||||||\u00bb text_text_color=\u00bb#747d88&#8243; text_font_size=\u00bb22px\u00bb text_font_size_phone=\u00bb17px\u00bb text_font_size_last_edited=\u00bbon|phone\u00bb text_line_height=\u00bb1.8em\u00bb header_font=\u00bb||||||||\u00bb text_orientation=\u00bbcenter\u00bb custom_margin=\u00bb|||-9px\u00bb custom_padding=\u00bb|||12px\u00bb animation_style=\u00bbflip\u00bb animation_intensity_flip=\u00bb20%\u00bb]<\/p>\n<div class=\"page\" title=\"Page 10\">\n<div class=\"section\">\n<div class=\"layoutArea\">\n<div class=\"column\" style=\"text-align: justify;\"><span style=\"font-family: Helvetica; font-size: 22px;\">Hidroele\u0301ctrica generadora de energi\u0301a renovable. Inicio\u0301 operaciones en 2013, ubicada en Nuevo Progreso, San Marcos en el Ri\u0301o Ixtalito. Su nombre significa <\/span><span style=\"font-family: Helvetica; font-size: 22px;\"><span style=\"font-family: Helvetica; font-size: 22px;\">\u201cRi\u0301o Cristalino\u201d <\/span><\/span><\/div>\n<div class=\"column\" style=\"text-align: justify;\"><span style=\"font-size: 22px; font-family: Helvetica;\"><\/span><\/div>\n<div class=\"column\" style=\"text-align: justify;\"><span style=\"font-size: 22px; font-family: Helvetica;\">Cumple actualmente con los esta\u0301ndares del Mecanismo de Desarrollo Limpio del modelo de Naciones Unidas. Evita anualmente la emisio\u0301n de 3,642 toneladas de CO2 al ambiente, lo cual ya ha sido certificado.<\/span><\/div>\n<div class=\"column\" style=\"text-align: justify;\"><span style=\"font-family: Helvetica; font-size: 22px;\"><\/span><\/div>\n<div class=\"column\" style=\"text-align: justify;\"><span style=\"font-family: Helvetica; font-size: 22px;\"><\/span><\/div>\n<\/div>\n<\/div>\n<\/div>\n<p style=\"text-align: center;\">\n<p>[\/et_pb_text][\/et_pb_column][et_pb_column type=\u00bb2_5&#8243;][et_pb_number_counter title=\u00bb+ Quetzales de inversi\u00f3n\u00bb number=\u00bb35,000,000&#8243; percent_sign=\u00bboff\u00bb _builder_version=\u00bb3.20.2&#8243; number_font=\u00bbMontserrat||||||||\u00bb number_font_size=\u00bb38px\u00bb number_font_size_phone=\u00bb27px\u00bb number_font_size_last_edited=\u00bbon|desktop\u00bb custom_margin=\u00bb35px||\u00bb custom_margin_last_edited=\u00bbon|phone\u00bb]<\/p>\n<p>[\/et_pb_number_counter][\/et_pb_column][\/et_pb_row][\/et_pb_section][et_pb_section bb_built=\u00bb1&#8243; _builder_version=\u00bb3.20.2&#8243; prev_background_color=\u00bb#000000&#8243; next_background_color=\u00bb#000000&#8243;][et_pb_row use_custom_width=\u00bbon\u00bb width_unit=\u00bboff\u00bb custom_width_percent=\u00bb100%\u00bb use_custom_gutter=\u00bbon\u00bb gutter_width=\u00bb1&#8243; custom_padding=\u00bb0|0px|34.125px|0px|false|false\u00bb make_equal=\u00bbon\u00bb _builder_version=\u00bb3.20.2&#8243;][et_pb_column type=\u00bb1_3&#8243;][et_pb_image src=\u00bb\/grupokin\/wp-content\/uploads\/2019\/05\/IMG-20161120-WA0008-1.jpg\u00bb show_in_lightbox=\u00bbon\u00bb use_overlay=\u00bbon\u00bb overlay_icon_color=\u00bbrgba(0,0,0,0)\u00bb hover_overlay_color=\u00bbrgba(0,88,169,0.66)\u00bb _builder_version=\u00bb3.20.2&#8243;]<\/p>\n<p>[\/et_pb_image][\/et_pb_column][et_pb_column type=\u00bb1_3&#8243;][et_pb_image src=\u00bb\/grupokin\/wp-content\/uploads\/2019\/04\/TUrbina-Ixtalito.jpg\u00bb show_in_lightbox=\u00bbon\u00bb use_overlay=\u00bbon\u00bb hover_overlay_color=\u00bbrgba(0,88,169,0.66)\u00bb _builder_version=\u00bb3.20.2&#8243;]<\/p>\n<p>[\/et_pb_image][\/et_pb_column][et_pb_column type=\u00bb1_3&#8243;][et_pb_image src=\u00bb\/grupokin\/wp-content\/uploads\/2019\/05\/IMG_6696.jpg\u00bb show_in_lightbox=\u00bbon\u00bb use_overlay=\u00bbon\u00bb hover_overlay_color=\u00bbrgba(0,88,169,0.66)\u00bb _builder_version=\u00bb3.20.2&#8243;]<\/p>\n<p>[\/et_pb_image][\/et_pb_column][\/et_pb_row][\/et_pb_section][et_pb_section bb_built=\u00bb1&#8243; admin_label=\u00bbCreative Process Section\u00bb _builder_version=\u00bb3.0.78&#8243; custom_padding=\u00bb76px||48px||false|false\u00bb prev_background_color=\u00bb#000000&#8243; next_background_color=\u00bb#f7f7f7&#8243;][et_pb_row admin_label=\u00bbService Section Title\u00bb custom_margin=\u00bb||40px|\u00bb _builder_version=\u00bb3.0.83&#8243; animation_style=\u00bbfade\u00bb animation_direction=\u00bbtop\u00bb saved_tabs=\u00bball\u00bb locked=\u00bboff\u00bb][et_pb_column type=\u00bb4_4&#8243;][et_pb_text admin_label=\u00bbTitle\u00bb _builder_version=\u00bb3.20.2&#8243; text_font=\u00bbMontserrat||||||||\u00bb text_text_color=\u00bb#747d88&#8243; text_font_size=\u00bb16px\u00bb text_line_height=\u00bb1.9em\u00bb header_font=\u00bb||||||||\u00bb header_2_font=\u00bb|700||on|||||\u00bb header_2_font_size=\u00bb42px\u00bb header_2_font_size_phone=\u00bb33px\u00bb header_2_font_size_last_edited=\u00bbon|desktop\u00bb header_2_line_height=\u00bb1.3em\u00bb text_orientation=\u00bbcenter\u00bb max_width=\u00bb700px\u00bb module_alignment=\u00bbcenter\u00bb animation_style=\u00bbslide\u00bb animation_direction=\u00bbbottom\u00bb animation_intensity_slide=\u00bb4%\u00bb]<\/p>\n<h2>Inicia su constituci\u00f3n en el 2007.<\/h2>\n<p>[\/et_pb_text][et_pb_text admin_label=\u00bbSubtitle\u00bb _builder_version=\u00bb3.20.2&#8243; text_font=\u00bbChivo||||||||\u00bb text_text_color=\u00bb#747d88&#8243; text_font_size=\u00bb22px\u00bb text_font_size_phone=\u00bb17px\u00bb text_font_size_last_edited=\u00bbon|phone\u00bb text_line_height=\u00bb1.8em\u00bb header_font=\u00bb||||||||\u00bb text_orientation=\u00bbcenter\u00bb max_width=\u00bb700px\u00bb module_alignment=\u00bbcenter\u00bb custom_margin=\u00bb|||\u00bb animation_style=\u00bbslide\u00bb animation_direction=\u00bbbottom\u00bb animation_delay=\u00bb100ms\u00bb animation_intensity_slide=\u00bb4%\u00bb]<\/p>\n<p style=\"text-align: justify;\">Se realiz\u00f3 un Estudio de Impacto Ambiental, la supervisi\u00f3n estuvo a cargo de Arque\u00f3logos y Bi\u00f3logos durante el proceso de construcci\u00f3n, cumpliendo al 100% con los compromisos adquiridos ante el Ministerio de Ambiente y Recursos Naturales<\/p>\n<p>[\/et_pb_text][\/et_pb_column][\/et_pb_row][\/et_pb_section][et_pb_section bb_built=\u00bb1&#8243; admin_label=\u00bbFeature Section 01&#8243; _builder_version=\u00bb3.0.83&#8243; background_color=\u00bb#f7f7f7&#8243; box_shadow_style=\u00bbpreset7&#8243; box_shadow_horizontal=\u00bb0px\u00bb box_shadow_vertical=\u00bb100px\u00bb box_shadow_color=\u00bb#ffffff\u00bb custom_padding=\u00bb0px||0px|\u00bb prev_background_color=\u00bb#ffffff\u00bb next_background_color=\u00bb#ffffff\u00bb][et_pb_row admin_label=\u00bbFeature Area\u00bb make_fullwidth=\u00bbon\u00bb use_custom_gutter=\u00bbon\u00bb gutter_width=\u00bb1&#8243; custom_padding=\u00bb0||||false|false\u00bb custom_margin=\u00bb|||\u00bb padding_top_1=\u00bb200px\u00bb padding_top_2=\u00bb0px\u00bb padding_right_1=\u00bb10%\u00bb padding_left_1=\u00bb10%\u00bb _builder_version=\u00bb3.0.83&#8243;][et_pb_column type=\u00bb1_2&#8243;][et_pb_text admin_label=\u00bbTitle\u00bb _builder_version=\u00bb3.20.2&#8243; text_font=\u00bbMontserrat||||||||\u00bb text_text_color=\u00bb#747d88&#8243; text_font_size=\u00bb16px\u00bb text_line_height=\u00bb1.9em\u00bb header_font=\u00bb||||||||\u00bb header_text_align=\u00bbleft\u00bb header_2_font=\u00bb|700||on|||||\u00bb header_2_font_size=\u00bb42px\u00bb header_2_font_size_phone=\u00bb33px\u00bb header_2_font_size_last_edited=\u00bbon|desktop\u00bb header_2_line_height=\u00bb1.3em\u00bb max_width=\u00bb700px\u00bb module_alignment=\u00bbleft\u00bb custom_margin=\u00bb||30px|\u00bb animation_style=\u00bbslide\u00bb animation_direction=\u00bbbottom\u00bb animation_intensity_slide=\u00bb4%\u00bb locked=\u00bboff\u00bb]<\/p>\n<h2>Con capacidad de generar 1.6 megavatios de potencia<\/h2>\n<p>[\/et_pb_text][et_pb_text admin_label=\u00bbSubtitle\u00bb _builder_version=\u00bb3.20.2&#8243; text_font=\u00bbChivo||||||||\u00bb text_text_color=\u00bb#747d88&#8243; text_font_size=\u00bb22px\u00bb text_font_size_phone=\u00bb17px\u00bb text_font_size_last_edited=\u00bbon|phone\u00bb text_line_height=\u00bb1.8em\u00bb header_font=\u00bb||||||||\u00bb max_width=\u00bb700px\u00bb module_alignment=\u00bbleft\u00bb custom_margin=\u00bb|||\u00bb custom_padding=\u00bb||20px|\u00bb animation_style=\u00bbslide\u00bb animation_direction=\u00bbbottom\u00bb animation_delay=\u00bb100ms\u00bb animation_intensity_slide=\u00bb4%\u00bb locked=\u00bboff\u00bb]<\/p>\n<p style=\"text-align: justify;\">Es la primera hidroel\u00e9ctrica en Centro Am\u00e9rica en utilizar tuber\u00eda de acero d\u00factil, de la marca alemana DUKTUS, amigable con el medio ambiente, pues no hay necesidad de movimientos de tierra y no se requiere bloques de concreto como anclaje. Sus 800 metros lineales fueron instalados en tan solo en un mes, contando con la presencia de Andreas M\u00f6sser, Ingeniero en Jefe de DUKTUS de la planta en Austria, quien supervis\u00f3 el proceso.<\/p>\n<p><span> <\/span><\/p>\n<p>[\/et_pb_text][\/et_pb_column][et_pb_column type=\u00bb1_2&#8243;][et_pb_image src=\u00bb\/grupokin\/wp-content\/uploads\/2019\/07\/IMG_4217.jpg\u00bb _builder_version=\u00bb3.20.2&#8243;]<\/p>\n<p>[\/et_pb_image][\/et_pb_column][\/et_pb_row][\/et_pb_section][et_pb_section bb_built=\u00bb1&#8243; _builder_version=\u00bb3.20.2&#8243; custom_padding=\u00bb0|0px|0|0px|false|false\u00bb custom_css_main_element=\u00bbborder-top:2px solid #FBB040&#8243; saved_tabs=\u00bball\u00bb prev_background_color=\u00bb#f7f7f7&#8243; global_module=\u00bb1408&#8243;][et_pb_row global_parent=\u00bb1408&#8243; make_fullwidth=\u00bbon\u00bb custom_padding=\u00bb27px|0px|0|0px|false|false\u00bb disabled_on=\u00bbon|on|off\u00bb _builder_version=\u00bb3.20.2&#8243;][et_pb_column type=\u00bb1_4&#8243;][et_pb_image global_parent=\u00bb1408&#8243; src=\u00bb\/grupokin\/wp-content\/uploads\/2019\/05\/logo.png\u00bb disabled_on=\u00bbon|on|off\u00bb _builder_version=\u00bb3.20.2&#8243; max_width=\u00bb59%\u00bb module_alignment=\u00bbcenter\u00bb \/][\/et_pb_column][et_pb_column type=\u00bb1_4&#8243;][et_pb_text global_parent=\u00bb1408&#8243; _builder_version=\u00bb3.20.2&#8243; text_font=\u00bb|700|||||||\u00bb text_text_color=\u00bb#FBB040&#8243; text_font_size=\u00bb27px\u00bb header_font=\u00bb||||||||\u00bb text_orientation=\u00bbcenter\u00bb custom_margin=\u00bb|||13px\u00bb]<\/p>\n<p>NOSOTROS<\/p>\n<p>&nbsp;<\/p>\n<p>[\/et_pb_text][et_pb_text global_parent=\u00bb1408&#8243; _builder_version=\u00bb3.20.2&#8243; text_font=\u00bb||||||||\u00bb text_text_color=\u00bb#898989&#8243; text_font_size=\u00bb18px\u00bb text_orientation=\u00bbcenter\u00bb custom_margin=\u00bb-49px||\u00bb custom_padding=\u00bb0px||\u00bb]<\/p>\n<p><span><a href=\"\/grupokin\/mel\/\">Mel<\/a><\/span><\/p>\n<p><span><a href=\"\/grupokin\/ixtal\/\">Ixtal<\/a><\/span><\/p>\n<p><span><a href=\"\/grupokin\/xolhuitz\/\">Xolhuitz<\/a><\/span><\/p>\n<p><span><a href=\"\/grupokin\/tuncaj\/\">Tuncaj<\/a><\/span><\/p>\n<p>&nbsp;<\/p>\n<p>[\/et_pb_text][\/et_pb_column][et_pb_column type=\u00bb1_4&#8243;][et_pb_text global_parent=\u00bb1408&#8243; _builder_version=\u00bb3.20.2&#8243; text_font=\u00bb|700|||||||\u00bb text_text_color=\u00bb#FBB040&#8243; text_font_size=\u00bb27px\u00bb header_font=\u00bb||||||||\u00bb text_orientation=\u00bbcenter\u00bb custom_margin=\u00bb|||13px\u00bb]<\/p>\n<p>ENLACES<\/p>\n<p>&nbsp;<\/p>\n<p>[\/et_pb_text][et_pb_text global_parent=\u00bb1408&#8243; _builder_version=\u00bb3.20.2&#8243; text_font=\u00bb||||||||\u00bb text_text_color=\u00bb#898989&#8243; text_font_size=\u00bb18px\u00bb text_orientation=\u00bbcenter\u00bb custom_margin=\u00bb-49px||\u00bb custom_padding=\u00bb0px||\u00bb]<\/p>\n<p><span><a href=\"\/grupokin\/blog\/\">Blog<\/a><\/span><\/p>\n<p><span><a href=\"\/grupokin\/diaria\/\">Estad\u00edsticas Diarias<\/a><\/span><\/p>\n<p><span><a href=\"\/grupokin\/semana\/\">Estad\u00edsticas Semanales<\/a><\/span><\/p>\n<p>&nbsp;<\/p>\n<p>[\/et_pb_text][\/et_pb_column][et_pb_column type=\u00bb1_4&#8243;][et_pb_text global_parent=\u00bb1408&#8243; _builder_version=\u00bb3.20.2&#8243; text_font=\u00bb|700|||||||\u00bb text_text_color=\u00bb#FBB040&#8243; text_font_size=\u00bb27px\u00bb header_font=\u00bb||||||||\u00bb text_orientation=\u00bbcenter\u00bb custom_margin=\u00bb|||13px\u00bb]<\/p>\n<p>CONTACTO<\/p>\n<p>&nbsp;<\/p>\n<p>[\/et_pb_text][et_pb_text global_parent=\u00bb1408&#8243; _builder_version=\u00bb3.20.2&#8243; text_font=\u00bb||||||||\u00bb text_text_color=\u00bb#898989&#8243; text_font_size=\u00bb18px\u00bb text_orientation=\u00bbcenter\u00bb custom_margin=\u00bb-49px||\u00bb custom_padding=\u00bb0px||\u00bb]<\/p>\n<p><span><a href=\"\/grupokin\/contacto\/\">Cont\u00e1ctanos<\/a><\/span><\/p>\n<p>&nbsp;<\/p>\n<p>[\/et_pb_text][\/et_pb_column][\/et_pb_row][et_pb_row global_parent=\u00bb1408&#8243; make_fullwidth=\u00bbon\u00bb custom_padding=\u00bb27px|0px|0|0px|false|false\u00bb disabled_on=\u00bbon|off|on\u00bb _builder_version=\u00bb3.20.2&#8243;][et_pb_column type=\u00bb1_4&#8243;][et_pb_image global_parent=\u00bb1408&#8243; src=\u00bb\/grupokin\/wp-content\/uploads\/2019\/05\/logo.png\u00bb _builder_version=\u00bb3.20.2&#8243; max_width=\u00bb59%\u00bb module_alignment=\u00bbcenter\u00bb \/][et_pb_text global_parent=\u00bb1408&#8243; _builder_version=\u00bb3.20.2&#8243; text_font=\u00bb|700|||||||\u00bb text_text_color=\u00bb#FBB040&#8243; text_font_size=\u00bb27px\u00bb header_font=\u00bb||||||||\u00bb text_orientation=\u00bbcenter\u00bb custom_margin=\u00bb|||13px\u00bb]<\/p>\n<p>ENLACES<\/p>\n<p>&nbsp;<\/p>\n<p>[\/et_pb_text][et_pb_text global_parent=\u00bb1408&#8243; _builder_version=\u00bb3.20.2&#8243; text_font=\u00bb||||||||\u00bb text_text_color=\u00bb#898989&#8243; text_font_size=\u00bb18px\u00bb text_orientation=\u00bbcenter\u00bb custom_margin=\u00bb-49px||\u00bb custom_padding=\u00bb0px||\u00bb]<\/p>\n<p><span><a href=\"\/grupokin\/blog\/\">Blog<\/a><\/span><\/p>\n<p><span><a href=\"\/grupokin\/diaria\/\">Estad\u00edsticas Diarias<\/a><\/span><\/p>\n<p><span><a href=\"\/grupokin\/semana\/\">Estad\u00edsticas Semanales<\/a><\/span><\/p>\n<p>&nbsp;<\/p>\n<p>[\/et_pb_text][\/et_pb_column][et_pb_column type=\u00bb1_4&#8243;][et_pb_text global_parent=\u00bb1408&#8243; _builder_version=\u00bb3.20.2&#8243; text_font=\u00bb|700|||||||\u00bb text_text_color=\u00bb#FBB040&#8243; text_font_size=\u00bb27px\u00bb header_font=\u00bb||||||||\u00bb text_orientation=\u00bbcenter\u00bb custom_margin=\u00bb|||13px\u00bb]<\/p>\n<p>CONTACTO<\/p>\n<p>&nbsp;<\/p>\n<p>[\/et_pb_text][et_pb_text global_parent=\u00bb1408&#8243; _builder_version=\u00bb3.20.2&#8243; text_font=\u00bb||||||||\u00bb text_text_color=\u00bb#898989&#8243; text_font_size=\u00bb18px\u00bb text_orientation=\u00bbcenter\u00bb custom_margin=\u00bb-49px||\u00bb custom_padding=\u00bb0px||\u00bb]<\/p>\n<p><span><a href=\"\/grupokin\/contacto\/\">Cont\u00e1ctanos<\/a><\/span><\/p>\n<p>&nbsp;<\/p>\n<p>[\/et_pb_text][et_pb_text global_parent=\u00bb1408&#8243; _builder_version=\u00bb3.20.2&#8243; text_font=\u00bb|700|||||||\u00bb text_text_color=\u00bb#FBB040&#8243; text_font_size=\u00bb27px\u00bb header_font=\u00bb||||||||\u00bb text_orientation=\u00bbcenter\u00bb custom_margin=\u00bb|||13px\u00bb]<\/p>\n<p>NOSOTROS<\/p>\n<p>&nbsp;<\/p>\n<p>[\/et_pb_text][et_pb_text global_parent=\u00bb1408&#8243; _builder_version=\u00bb3.20.2&#8243; text_font=\u00bb||||||||\u00bb text_text_color=\u00bb#898989&#8243; text_font_size=\u00bb18px\u00bb text_orientation=\u00bbcenter\u00bb custom_margin=\u00bb-49px||\u00bb custom_padding=\u00bb0px||\u00bb]<\/p>\n<p><span><a href=\"\/grupokin\/mel\/\">Mel<\/a><\/span><\/p>\n<p><span><a href=\"\/grupokin\/ixtal\/\">Ixtal<\/a><\/span><\/p>\n<p><span><a href=\"\/grupokin\/xolhuitz\/\">Xolhuitz<\/a><\/span><\/p>\n<p><span><a href=\"\/grupokin\/tuncaj\/\">Tuncaj<\/a><\/span><\/p>\n<p>&nbsp;<\/p>\n<p>[\/et_pb_text][\/et_pb_column][et_pb_column type=\u00bb1_4&#8243;][\/et_pb_column][et_pb_column type=\u00bb1_4&#8243;][\/et_pb_column][\/et_pb_row][et_pb_row global_parent=\u00bb1408&#8243; make_fullwidth=\u00bbon\u00bb custom_padding=\u00bb27px|0px|0|0px|false|false\u00bb disabled_on=\u00bboff|on|on\u00bb _builder_version=\u00bb3.20.2&#8243;][et_pb_column type=\u00bb1_4&#8243;][et_pb_image global_parent=\u00bb1408&#8243; src=\u00bb\/grupokin\/wp-content\/uploads\/2019\/05\/logo.png\u00bb _builder_version=\u00bb3.20.2&#8243; max_width=\u00bb59%\u00bb module_alignment=\u00bbcenter\u00bb \/][\/et_pb_column][et_pb_column type=\u00bb1_4&#8243;][\/et_pb_column][et_pb_column type=\u00bb1_4&#8243;][et_pb_text global_parent=\u00bb1408&#8243; _builder_version=\u00bb3.20.2&#8243; text_font=\u00bb|700|||||||\u00bb text_text_color=\u00bb#FBB040&#8243; text_font_size=\u00bb27px\u00bb header_font=\u00bb||||||||\u00bb text_orientation=\u00bbcenter\u00bb custom_margin=\u00bb|||13px\u00bb]<\/p>\n<p>NOSOTROS<\/p>\n<p>&nbsp;<\/p>\n<p>[\/et_pb_text][et_pb_text global_parent=\u00bb1408&#8243; _builder_version=\u00bb3.20.2&#8243; text_font=\u00bb||||||||\u00bb text_text_color=\u00bb#898989&#8243; text_font_size=\u00bb18px\u00bb text_orientation=\u00bbcenter\u00bb custom_margin=\u00bb-49px||\u00bb custom_padding=\u00bb0px||\u00bb]<\/p>\n<p><span><a href=\"\/grupokin\/mel\/\">Mel<\/a><\/span><\/p>\n<p><span><a href=\"\/grupokin\/ixtal\/\">Ixtal<\/a><\/span><\/p>\n<p><span><a href=\"\/grupokin\/xolhuitz\/\">Xolhuitz<\/a><\/span><\/p>\n<p><span><a href=\"\/grupokin\/tuncaj\/\">Tuncaj<\/a><\/span><\/p>\n<p>&nbsp;<\/p>\n<p>[\/et_pb_text][et_pb_text global_parent=\u00bb1408&#8243; _builder_version=\u00bb3.20.2&#8243; text_font=\u00bb|700|||||||\u00bb text_text_color=\u00bb#FBB040&#8243; text_font_size=\u00bb27px\u00bb header_font=\u00bb||||||||\u00bb text_orientation=\u00bbcenter\u00bb custom_margin=\u00bb|||13px\u00bb]<\/p>\n<p>ENLACES<\/p>\n<p>&nbsp;<\/p>\n<p>[\/et_pb_text][et_pb_text global_parent=\u00bb1408&#8243; _builder_version=\u00bb3.20.2&#8243; text_font=\u00bb||||||||\u00bb text_text_color=\u00bb#898989&#8243; text_font_size=\u00bb18px\u00bb text_orientation=\u00bbcenter\u00bb custom_margin=\u00bb-49px||\u00bb custom_padding=\u00bb0px||\u00bb]<\/p>\n<p><span><a href=\"\/grupokin\/blog\/\">Blog<\/a><\/span><\/p>\n<p><span><a href=\"\/grupokin\/diaria\/\">Estad\u00edsticas Diarias<\/a><\/span><\/p>\n<p><span><a href=\"\/grupokin\/semana\/\">Estad\u00edsticas Semanales<\/a><\/span><\/p>\n<p>&nbsp;<\/p>\n<p>[\/et_pb_text][et_pb_text global_parent=\u00bb1408&#8243; _builder_version=\u00bb3.20.2&#8243; text_font=\u00bb|700|||||||\u00bb text_text_color=\u00bb#FBB040&#8243; text_font_size=\u00bb27px\u00bb header_font=\u00bb||||||||\u00bb text_orientation=\u00bbcenter\u00bb custom_margin=\u00bb|||13px\u00bb]<\/p>\n<p>CONTACTO<\/p>\n<p>&nbsp;<\/p>\n<p>[\/et_pb_text][et_pb_text global_parent=\u00bb1408&#8243; _builder_version=\u00bb3.20.2&#8243; text_font=\u00bb||||||||\u00bb text_text_color=\u00bb#898989&#8243; text_font_size=\u00bb18px\u00bb text_orientation=\u00bbcenter\u00bb custom_margin=\u00bb-49px||\u00bb custom_padding=\u00bb0px||\u00bb]<\/p>\n<p><span><a href=\"\/grupokin\/contacto\/\">Cont\u00e1ctanos<\/a><\/span><\/p>\n<p>&nbsp;<\/p>\n<p>[\/et_pb_text][\/et_pb_column][et_pb_column type=\u00bb1_4&#8243;][\/et_pb_column][\/et_pb_row][\/et_pb_section]<\/p>\n","protected":false},"excerpt":{"rendered":"<p>[et_pb_section bb_built=\u00bb1&#8243; fullwidth=\u00bbon\u00bb _builder_version=\u00bb3.20.2&#8243; next_background_color=\u00bb#000000&#8243;][et_pb_fullwidth_menu menu_id=\u00bb7&#8243; fullwidth_menu=\u00bbon\u00bb dropdown_menu_bg_color=\u00bb#89a3ca\u00bb _builder_version=\u00bb3.20.2&#8243; menu_font=\u00bbChivo|600|||||||\u00bb menu_text_color=\u00bb#ffffff\u00bb menu_font_size=\u00bb17px\u00bb background_color=\u00bbrgba(0,65,135,0)\u00bb text_orientation=\u00bbright\u00bb custom_margin=\u00bb0px||-106px\u00bb custom_padding=\u00bb0px||0px\u00bb menu_text_color__hover=\u00bb#ffffff\u00bb] [\/et_pb_fullwidth_menu][\/et_pb_section][et_pb_section bb_built=\u00bb1&#8243; _builder_version=\u00bb3.20.2&#8243; use_background_color_gradient=\u00bbon\u00bb background_color_gradient_start=\u00bbrgba(0,0,0,0.32)\u00bb background_color_gradient_end=\u00bbrgba(0,0,0,0.32)\u00bb background_color_gradient_overlays_image=\u00bbon\u00bb background_image=\u00bb\/grupokin\/wp-content\/uploads\/2019\/05\/12458963.jpg\u00bb background_position=\u00bbbottom_left\u00bb custom_margin=\u00bb-50px||\u00bb custom_padding=\u00bb156px|0px|214px|0px|false|false\u00bb prev_background_color=\u00bb#ffffff\u00bb next_background_color=\u00bb#ffffff\u00bb][et_pb_row make_fullwidth=\u00bbon\u00bb use_custom_gutter=\u00bbon\u00bb gutter_width=\u00bb1&#8243; _builder_version=\u00bb3.20.2&#8243; background_color=\u00bbrgba(255,255,255,0.75)\u00bb][et_pb_column type=\u00bb4_4&#8243;][et_pb_image src=\u00bb\/grupokin\/wp-content\/uploads\/2019\/05\/1-2.png\u00bb _builder_version=\u00bb3.20.2&#8243; max_width=\u00bb27%\u00bb module_alignment=\u00bbleft\u00bb custom_margin=\u00bb|||\u00bb custom_padding=\u00bb|||8%\u00bb] [\/et_pb_image][\/et_pb_column][\/et_pb_row][\/et_pb_section][et_pb_section bb_built=\u00bb1&#8243; admin_label=\u00bbCase Study Text\u00bb _builder_version=\u00bb3.0.83&#8243; custom_margin=\u00bb|||\u00bb custom_padding=\u00bb111px||84px||false|false\u00bb prev_background_color=\u00bb#000000&#8243; next_background_color=\u00bb#000000&#8243;][et_pb_row _builder_version=\u00bb3.20.2&#8243;][et_pb_column type=\u00bb3_5&#8243;][et_pb_text _builder_version=\u00bb3.20.2&#8243; [&hellip;]<\/p>\n","protected":false},"author":1,"featured_media":0,"parent":0,"menu_order":0,"comment_status":"closed","ping_status":"closed","template":"page-template-blank.php","meta":{"_et_pb_use_builder":"on","_et_pb_old_content":"","footnotes":""},"yst_prominent_words":[153,44,47,37,45,156,55,43,36,34,35,54,40,39,155,154,46,42,41],"_links":{"self":[{"href":"https:\/\/grupokin.com.gt\/grupokin\/wp-json\/wp\/v2\/pages\/105"}],"collection":[{"href":"https:\/\/grupokin.com.gt\/grupokin\/wp-json\/wp\/v2\/pages"}],"about":[{"href":"https:\/\/grupokin.com.gt\/grupokin\/wp-json\/wp\/v2\/types\/page"}],"author":[{"embeddable":true,"href":"https:\/\/grupokin.com.gt\/grupokin\/wp-json\/wp\/v2\/users\/1"}],"replies":[{"embeddable":true,"href":"https:\/\/grupokin.com.gt\/grupokin\/wp-json\/wp\/v2\/comments?post=105"}],"version-history":[{"count":63,"href":"https:\/\/grupokin.com.gt\/grupokin\/wp-json\/wp\/v2\/pages\/105\/revisions"}],"predecessor-version":[{"id":1618,"href":"https:\/\/grupokin.com.gt\/grupokin\/wp-json\/wp\/v2\/pages\/105\/revisions\/1618"}],"wp:attachment":[{"href":"https:\/\/grupokin.com.gt\/grupokin\/wp-json\/wp\/v2\/media?parent=105"}],"wp:term":[{"taxonomy":"yst_prominent_words","embeddable":true,"href":"https:\/\/grupokin.com.gt\/grupokin\/wp-json\/wp\/v2\/yst_prominent_words?post=105"}],"curies":[{"name":"wp","href":"https:\/\/api.w.org\/{rel}","templated":true}]}}