{"id":111,"date":"2019-04-02T22:53:50","date_gmt":"2019-04-02T22:53:50","guid":{"rendered":"http:\/\/sinergiared.com\/grupokin\/?page_id=111"},"modified":"2022-07-27T13:13:55","modified_gmt":"2022-07-27T19:13:55","slug":"xolhuitz","status":"publish","type":"page","link":"https:\/\/grupokin.com.gt\/grupokin\/xolhuitz\/","title":{"rendered":"Xolhuitz"},"content":{"rendered":"<p>[et_pb_section bb_built=\u00bb1&#8243; fullwidth=\u00bbon\u00bb _builder_version=\u00bb3.20.2&#8243; next_background_color=\u00bb#000000&#8243;][et_pb_fullwidth_menu menu_id=\u00bb7&#8243; fullwidth_menu=\u00bbon\u00bb dropdown_menu_bg_color=\u00bbrgba(0,75,155,0.89)\u00bb _builder_version=\u00bb3.20.2&#8243; menu_font=\u00bbChivo|600|||||||\u00bb menu_text_color=\u00bb#fcfcfc\u00bb menu_font_size=\u00bb17px\u00bb background_color=\u00bbrgba(0,88,169,0)\u00bb text_orientation=\u00bbright\u00bb custom_margin=\u00bb||-106px\u00bb]<\/p>\n<p>[\/et_pb_fullwidth_menu][\/et_pb_section][et_pb_section bb_built=\u00bb1&#8243; _builder_version=\u00bb3.20.2&#8243; use_background_color_gradient=\u00bbon\u00bb background_color_gradient_start=\u00bbrgba(0,0,0,0.22)\u00bb background_color_gradient_end=\u00bbrgba(0,0,0,0.22)\u00bb background_color_gradient_overlays_image=\u00bbon\u00bb background_image=\u00bb\/grupokin\/wp-content\/uploads\/2019\/07\/DESARENADOR-PRINCIPAL1.jpg\u00bb custom_margin=\u00bb-50px||\u00bb custom_padding=\u00bb86px|0px|168px|0px\u00bb prev_background_color=\u00bb#ffffff\u00bb next_background_color=\u00bb#ffffff\u00bb][et_pb_row make_fullwidth=\u00bbon\u00bb use_custom_gutter=\u00bbon\u00bb gutter_width=\u00bb1&#8243; custom_padding=\u00bb0px|0px|0px|0px\u00bb _builder_version=\u00bb3.20.2&#8243; background_color=\u00bbrgba(255,255,255,0.75)\u00bb][et_pb_column type=\u00bb4_4&#8243;][et_pb_image src=\u00bb\/grupokin\/wp-content\/uploads\/2019\/05\/1-4.png\u00bb _builder_version=\u00bb3.20.2&#8243; max_width=\u00bb31%\u00bb module_alignment=\u00bbleft\u00bb custom_margin=\u00bb|||\u00bb custom_padding=\u00bb|||8%\u00bb align=\u00bbcenter\u00bb]<\/p>\n<p>[\/et_pb_image][\/et_pb_column][\/et_pb_row][\/et_pb_section][et_pb_section bb_built=\u00bb1&#8243; admin_label=\u00bbCase Study Text\u00bb _builder_version=\u00bb3.20.2&#8243; custom_margin=\u00bb|||\u00bb custom_padding=\u00bb19px||4px|\u00bb prev_background_color=\u00bb#000000&#8243; next_background_color=\u00bb#f7f7f7&#8243;][et_pb_row custom_padding=\u00bb4px|0px|39px|0px\u00bb _builder_version=\u00bb3.20.2&#8243;][et_pb_column type=\u00bb3_5&#8243;][et_pb_text _builder_version=\u00bb3.20.2&#8243; text_text_color=\u00bb#747d88&#8243; text_font_size=\u00bb22px\u00bb text_line_height=\u00bb1.8em\u00bb text_orientation=\u00bbcenter\u00bb custom_margin=\u00bb|||-9px\u00bb custom_padding=\u00bb|||12px\u00bb animation_intensity_flip=\u00bb20%\u00bb]<\/p>\n<p style=\"text-align: justify;\"><span style=\"font-size: 22px;\">Hidroel\u00e9ctrica generadora de energ\u00eda renovable. Su nombre significa <span style=\"font-size: 22px;\">\u201centre cerros\u201d<\/span>. Inicia su primera fase con la instalaci\u00f3n de la primera turbina en Nuevo Progreso, San Marcos en el R\u00edo Ixtalito. En esta primera fase se cuenta con una capacidad de Generar 1.6 Megavatios de potencia e inicia operaciones en 2013, con una inversi\u00f3n de m\u00e1s de 35 millones de Quetzales<span style=\"font-size: 22px;\">.<\/span><\/span><\/p>\n<p>[\/et_pb_text][et_pb_number_counter title=\u00bbM\u00e1s de 35 Millones de Quetzales en inversi\u00f3n.\u00bb number=\u00bb35,000,000&#8243; percent_sign=\u00bboff\u00bb _builder_version=\u00bb3.20.2&#8243; number_font=\u00bbMontserrat||||||||\u00bb number_font_size=\u00bb50px\u00bb number_font_size_phone=\u00bb35px\u00bb number_font_size_last_edited=\u00bbon|phone\u00bb number_text_color=\u00bb#7ebec5&#8243; animation_style=\u00bbslide\u00bb custom_css_main_element=\u00bbopacity:100 !important;\u00bb]<\/p>\n<p>[\/et_pb_number_counter][\/et_pb_column][et_pb_column type=\u00bb2_5&#8243;][et_pb_image _builder_version=\u00bb3.20.2&#8243; src=\u00bbhttps:\/\/grupokingt.com\/grupokin\/wp-content\/uploads\/2019\/05\/IMG_6696.jpg\u00bb \/][\/et_pb_column][\/et_pb_row][et_pb_row _builder_version=\u00bb3.20.2&#8243;][et_pb_column type=\u00bb4_4&#8243;][et_pb_image src=\u00bbhttps:\/\/grupokingt.com\/grupokin\/wp-content\/uploads\/2019\/04\/TUrbina-Ixtalito.jpg\u00bb _builder_version=\u00bb3.20.2&#8243; force_fullwidth=\u00bbon\u00bb align=\u00bbcenter\u00bb]<\/p>\n<p>[\/et_pb_image][\/et_pb_column][\/et_pb_row][\/et_pb_section][et_pb_section bb_built=\u00bb1&#8243; admin_label=\u00bbFeature Section 01&#8243; _builder_version=\u00bb3.20.2&#8243; background_color=\u00bb#f7f7f7&#8243; box_shadow_style=\u00bbpreset7&#8243; box_shadow_horizontal=\u00bb0px\u00bb box_shadow_vertical=\u00bb100px\u00bb box_shadow_color=\u00bb#ffffff\u00bb custom_padding=\u00bb0px||0px|\u00bb prev_background_color=\u00bb#ffffff\u00bb next_background_color=\u00bb#ffffff\u00bb][et_pb_row admin_label=\u00bbFeature Area\u00bb make_fullwidth=\u00bbon\u00bb use_custom_gutter=\u00bbon\u00bb gutter_width=\u00bb1&#8243; custom_padding=\u00bb0||||false|false\u00bb custom_margin=\u00bb|||\u00bb padding_top_1=\u00bb100px\u00bb padding_top_2=\u00bb0px\u00bb padding_right_1=\u00bb10%\u00bb padding_left_1=\u00bb10%\u00bb _builder_version=\u00bb3.20.2&#8243;][et_pb_column type=\u00bb1_2&#8243;][et_pb_text admin_label=\u00bbTitle\u00bb _builder_version=\u00bb3.20.2&#8243; text_font=\u00bbMontserrat||||||||\u00bb text_text_color=\u00bb#747d88&#8243; text_font_size=\u00bb16px\u00bb text_line_height=\u00bb1.9em\u00bb header_text_align=\u00bbleft\u00bb header_2_font=\u00bb|700||on|||||\u00bb header_2_font_size=\u00bb42px\u00bb header_2_line_height=\u00bb1.3em\u00bb max_width=\u00bb700px\u00bb module_alignment=\u00bbleft\u00bb custom_margin=\u00bb||30px|\u00bb animation_style=\u00bbslide\u00bb animation_direction=\u00bbbottom\u00bb animation_intensity_slide=\u00bb4%\u00bb locked=\u00bboff\u00bb]<\/p>\n<h2>\u00a0<\/h2>\n<p>[\/et_pb_text][et_pb_text admin_label=\u00bbSubtitle\u00bb _builder_version=\u00bb3.20.2&#8243; text_text_color=\u00bb#747d88&#8243; text_font_size=\u00bb22px\u00bb text_line_height=\u00bb1.8em\u00bb max_width=\u00bb700px\u00bb module_alignment=\u00bbleft\u00bb custom_margin=\u00bb|||\u00bb custom_padding=\u00bb||20px|\u00bb animation_direction=\u00bbbottom\u00bb animation_delay=\u00bb100ms\u00bb animation_intensity_slide=\u00bb4%\u00bb locked=\u00bboff\u00bb]<\/p>\n<p style=\"text-align: justify;\">En su segunda fase, siempre en el R\u00edo Ixtalito ubicado en San Marcos, Guatemala, se instala la segunda turbina. En esta segunda fase se hace una inversi\u00f3n de alrededor de 50 millones de Quetzales.<\/p>\n<p>[\/et_pb_text][et_pb_number_counter _builder_version=\u00bb3.20.2&#8243; title=\u00bb50 Millones de Quetzales en inversi\u00f3n\u00bb number=\u00bb50,000,000&#8243; percent_sign=\u00bboff\u00bb number_text_color=\u00bb#7ebec5&#8243; \/][\/et_pb_column][et_pb_column type=\u00bb1_2&#8243;][et_pb_image src=\u00bb\/grupokin\/wp-content\/uploads\/2019\/04\/Turbina-Xolhuitz.jpg\u00bb _builder_version=\u00bb3.20.2&#8243; max_width=\u00bb40%\u00bb module_alignment=\u00bbcenter\u00bb show_bottom_space=\u00bboff\u00bb align=\u00bbright\u00bb custom_padding=\u00bb100px||20px|\u00bb]<\/p>\n<p>[\/et_pb_image][\/et_pb_column][\/et_pb_row][\/et_pb_section][et_pb_section bb_built=\u00bb1&#8243; fullwidth=\u00bboff\u00bb specialty=\u00bboff\u00bb prev_background_color=\u00bb#f7f7f7&#8243; next_background_color=\u00bb#000000&#8243;][et_pb_row][et_pb_column type=\u00bb1_2&#8243;][et_pb_text _builder_version=\u00bb3.20.2&#8243;]<\/p>\n<h1>\u00a0\u00a0<\/h1>\n<p>[\/et_pb_text][et_pb_text admin_label=\u00bbSubtitle\u00bb _builder_version=\u00bb3.20.2&#8243; text_text_color=\u00bb#747d88&#8243; text_font_size=\u00bb22px\u00bb text_line_height=\u00bb1.8em\u00bb max_width=\u00bb700px\u00bb module_alignment=\u00bbleft\u00bb custom_margin=\u00bb|||\u00bb custom_padding=\u00bb||20px|\u00bb animation_direction=\u00bbbottom\u00bb animation_delay=\u00bb100ms\u00bb animation_intensity_slide=\u00bb4%\u00bb]<\/p>\n<p style=\"text-align: justify;\">Inicia Operaciones Comerciales a partir del 2017 y en conjunto las dos fases generan 4 megavatios de potencia, y su energ\u00eda se vender\u00e1 hasta el a\u00f1o 2030 a usuarios de la Empresa El\u00e9ctrica de Guatemala, S.A..<\/p>\n<p>[\/et_pb_text][\/et_pb_column][et_pb_column type=\u00bb1_2&#8243;][et_pb_image _builder_version=\u00bb3.20.2&#8243; src=\u00bbhttps:\/\/grupokingt.com\/grupokin\/wp-content\/uploads\/2022\/07\/IMG_4124-scaled-e1657769480647.jpg\u00bb \/][\/et_pb_column][\/et_pb_row][\/et_pb_section][et_pb_section bb_built=\u00bb1&#8243; _builder_version=\u00bb3.20.2&#8243; custom_padding=\u00bb0|0px|0|0px|false|false\u00bb custom_css_main_element=\u00bbborder-top:2px solid #FBB040&#8243; saved_tabs=\u00bball\u00bb prev_background_color=\u00bb#000000&#8243; global_module=\u00bb1408&#8243;][et_pb_row global_parent=\u00bb1408&#8243; make_fullwidth=\u00bbon\u00bb custom_padding=\u00bb27px|0px|0|0px|false|false\u00bb disabled_on=\u00bbon|on|off\u00bb _builder_version=\u00bb3.20.2&#8243;][et_pb_column type=\u00bb1_4&#8243;][et_pb_image global_parent=\u00bb1408&#8243; src=\u00bb\/grupokin\/wp-content\/uploads\/2019\/05\/logo.png\u00bb disabled_on=\u00bbon|on|off\u00bb _builder_version=\u00bb3.20.2&#8243; max_width=\u00bb59%\u00bb module_alignment=\u00bbcenter\u00bb \/][\/et_pb_column][et_pb_column type=\u00bb1_4&#8243;][et_pb_text global_parent=\u00bb1408&#8243; _builder_version=\u00bb3.20.2&#8243; text_font=\u00bb|700|||||||\u00bb text_text_color=\u00bb#fbb040&#8243; text_font_size=\u00bb27px\u00bb text_orientation=\u00bbcenter\u00bb custom_margin=\u00bb|||13px\u00bb custom_padding=\u00bb||15px|\u00bb]<\/p>\n<p>NOSOTROS<\/p>\n<p>[\/et_pb_text][et_pb_text global_parent=\u00bb1408&#8243; _builder_version=\u00bb3.20.2&#8243; text_text_color=\u00bb#898989&#8243; text_font_size=\u00bb18px\u00bb text_orientation=\u00bbcenter\u00bb custom_margin=\u00bb-49px||\u00bb custom_padding=\u00bb0px||\u00bb]<\/p>\n<p><span><a href=\"\/grupokin\/mel\/\">Mel<\/a><\/span><\/p>\n<p><span><a href=\"\/grupokin\/xolhuitz\/\">Xolhuitz<\/a><\/span><\/p>\n<p><span><a href=\"\/grupokin\/tuncaj\/\">Tuncaj<\/a><\/span><\/p>\n<p>&nbsp;<\/p>\n<\/p>\n<p>[\/et_pb_text][\/et_pb_column][et_pb_column type=\u00bb1_4&#8243;][et_pb_text global_parent=\u00bb1408&#8243; _builder_version=\u00bb3.20.2&#8243; text_font=\u00bb|700|||||||\u00bb text_text_color=\u00bb#fbb040&#8243; text_font_size=\u00bb27px\u00bb text_orientation=\u00bbcenter\u00bb custom_margin=\u00bb|||13px\u00bb custom_padding=\u00bb||15px|\u00bb]<\/p>\n<p>ENLACES<\/p>\n<p>[\/et_pb_text][et_pb_text global_parent=\u00bb1408&#8243; _builder_version=\u00bb3.20.2&#8243; text_text_color=\u00bb#898989&#8243; text_font_size=\u00bb18px\u00bb text_orientation=\u00bbcenter\u00bb custom_margin=\u00bb-49px||\u00bb custom_padding=\u00bb0px||\u00bb]<\/p>\n<p><span><a href=\"\/grupokin\/blog\/\">Blog<\/a><\/span><\/p>\n<p>&nbsp;<\/p>\n<\/p>\n<p>[\/et_pb_text][\/et_pb_column][et_pb_column type=\u00bb1_4&#8243;][et_pb_text global_parent=\u00bb1408&#8243; _builder_version=\u00bb3.20.2&#8243; text_font=\u00bb|700|||||||\u00bb text_text_color=\u00bb#fbb040&#8243; text_font_size=\u00bb27px\u00bb text_orientation=\u00bbcenter\u00bb custom_margin=\u00bb|||13px\u00bb custom_padding=\u00bb||15px|\u00bb]<\/p>\n<p>CONTACTO<\/p>\n<p>[\/et_pb_text][et_pb_text global_parent=\u00bb1408&#8243; _builder_version=\u00bb3.20.2&#8243; text_text_color=\u00bb#898989&#8243; text_font_size=\u00bb18px\u00bb text_orientation=\u00bbcenter\u00bb custom_margin=\u00bb-49px||\u00bb custom_padding=\u00bb0px||\u00bb]<\/p>\n<p><span><a href=\"\/grupokin\/contacto\/\">Cont\u00e1ctanos<\/a><\/span><\/p>\n<p>&nbsp;<\/p>\n<\/p>\n<p>[\/et_pb_text][\/et_pb_column][\/et_pb_row][et_pb_row global_parent=\u00bb1408&#8243; make_fullwidth=\u00bbon\u00bb custom_padding=\u00bb27px|0px|0|0px|false|false\u00bb disabled_on=\u00bbon|off|on\u00bb _builder_version=\u00bb3.20.2&#8243;][et_pb_column type=\u00bb1_4&#8243;][et_pb_image global_parent=\u00bb1408&#8243; src=\u00bb\/grupokin\/wp-content\/uploads\/2019\/05\/logo.png\u00bb _builder_version=\u00bb3.20.2&#8243; max_width=\u00bb59%\u00bb module_alignment=\u00bbcenter\u00bb \/][et_pb_text global_parent=\u00bb1408&#8243; _builder_version=\u00bb3.20.2&#8243; text_font=\u00bb|700|||||||\u00bb text_text_color=\u00bb#FBB040&#8243; text_font_size=\u00bb27px\u00bb header_font=\u00bb||||||||\u00bb text_orientation=\u00bbcenter\u00bb custom_margin=\u00bb|||13px\u00bb]<\/p>\n<p>ENLACES<\/p>\n<p>&nbsp;<\/p>\n<p>[\/et_pb_text][et_pb_text global_parent=\u00bb1408&#8243; _builder_version=\u00bb3.20.2&#8243; text_text_color=\u00bb#898989&#8243; text_font_size=\u00bb18px\u00bb text_orientation=\u00bbcenter\u00bb custom_margin=\u00bb-49px||\u00bb custom_padding=\u00bb0px||\u00bb]<\/p>\n<p><span><a href=\"\/grupokin\/blog\/\">Blog<\/a><\/span><\/p>\n<p>&nbsp;<\/p>\n<\/p>\n<p>[\/et_pb_text][\/et_pb_column][et_pb_column type=\u00bb1_4&#8243;][et_pb_text global_parent=\u00bb1408&#8243; _builder_version=\u00bb3.20.2&#8243; text_font=\u00bb|700|||||||\u00bb text_text_color=\u00bb#FBB040&#8243; text_font_size=\u00bb27px\u00bb header_font=\u00bb||||||||\u00bb text_orientation=\u00bbcenter\u00bb custom_margin=\u00bb|||13px\u00bb]<\/p>\n<p>CONTACTO<\/p>\n<p>&nbsp;<\/p>\n<p>[\/et_pb_text][et_pb_text global_parent=\u00bb1408&#8243; _builder_version=\u00bb3.20.2&#8243; text_font=\u00bb||||||||\u00bb text_text_color=\u00bb#898989&#8243; text_font_size=\u00bb18px\u00bb text_orientation=\u00bbcenter\u00bb custom_margin=\u00bb-49px||\u00bb custom_padding=\u00bb0px||\u00bb]<\/p>\n<p><span><a href=\"\/grupokin\/contacto\/\">Cont\u00e1ctanos<\/a><\/span><\/p>\n<p>&nbsp;<\/p>\n<p>[\/et_pb_text][et_pb_text global_parent=\u00bb1408&#8243; _builder_version=\u00bb3.20.2&#8243; text_font=\u00bb|700|||||||\u00bb text_text_color=\u00bb#fbb040&#8243; text_font_size=\u00bb27px\u00bb text_orientation=\u00bbcenter\u00bb custom_margin=\u00bb|||13px\u00bb]<\/p>\n<p>NOSOTROS<\/p>\n<p>&nbsp;<\/p>\n<\/p>\n<p>[\/et_pb_text][et_pb_text global_parent=\u00bb1408&#8243; _builder_version=\u00bb3.20.2&#8243; text_font=\u00bb||||||||\u00bb text_text_color=\u00bb#898989&#8243; text_font_size=\u00bb18px\u00bb text_orientation=\u00bbcenter\u00bb custom_margin=\u00bb-49px||\u00bb custom_padding=\u00bb0px||\u00bb]<\/p>\n<p><span><a href=\"\/grupokin\/mel\/\">Mel<\/a><\/span><\/p>\n<p><span><a href=\"\/grupokin\/ixtal\/\">Ixtal<\/a><\/span><\/p>\n<p><span><a href=\"\/grupokin\/xolhuitz\/\">Xolhuitz<\/a><\/span><\/p>\n<p><span><a href=\"\/grupokin\/tuncaj\/\">Tuncaj<\/a><\/span><\/p>\n<p>&nbsp;<\/p>\n<p>[\/et_pb_text][\/et_pb_column][et_pb_column type=\u00bb1_4&#8243;][\/et_pb_column][et_pb_column type=\u00bb1_4&#8243;][\/et_pb_column][\/et_pb_row][et_pb_row global_parent=\u00bb1408&#8243; make_fullwidth=\u00bbon\u00bb custom_padding=\u00bb27px|0px|0|0px|false|false\u00bb disabled_on=\u00bboff|on|on\u00bb _builder_version=\u00bb3.20.2&#8243;][et_pb_column type=\u00bb1_4&#8243;][et_pb_image global_parent=\u00bb1408&#8243; src=\u00bb\/grupokin\/wp-content\/uploads\/2019\/05\/logo.png\u00bb _builder_version=\u00bb3.20.2&#8243; max_width=\u00bb59%\u00bb module_alignment=\u00bbcenter\u00bb \/][\/et_pb_column][et_pb_column type=\u00bb1_4&#8243;][\/et_pb_column][et_pb_column type=\u00bb1_4&#8243;][et_pb_text global_parent=\u00bb1408&#8243; _builder_version=\u00bb3.20.2&#8243; text_font=\u00bb|700|||||||\u00bb text_text_color=\u00bb#FBB040&#8243; text_font_size=\u00bb27px\u00bb header_font=\u00bb||||||||\u00bb text_orientation=\u00bbcenter\u00bb custom_margin=\u00bb|||13px\u00bb]<\/p>\n<p>NOSOTROS<\/p>\n<p>&nbsp;<\/p>\n<p>[\/et_pb_text][et_pb_text global_parent=\u00bb1408&#8243; _builder_version=\u00bb3.20.2&#8243; text_text_color=\u00bb#898989&#8243; text_font_size=\u00bb18px\u00bb text_orientation=\u00bbcenter\u00bb custom_margin=\u00bb-49px||\u00bb custom_padding=\u00bb0px||\u00bb]<\/p>\n<p><span><a href=\"\/grupokin\/mel\/\">Mel<\/a><\/span><\/p>\n<p><span><a href=\"\/grupokin\/xolhuitz\/\">Xolhuitz<\/a><\/span><\/p>\n<p><span><a href=\"\/grupokin\/tuncaj\/\">Tuncaj<\/a><\/span><\/p>\n<p>&nbsp;<\/p>\n<\/p>\n<p>[\/et_pb_text][et_pb_text global_parent=\u00bb1408&#8243; _builder_version=\u00bb3.20.2&#8243; text_font=\u00bb|700|||||||\u00bb text_text_color=\u00bb#FBB040&#8243; text_font_size=\u00bb27px\u00bb header_font=\u00bb||||||||\u00bb text_orientation=\u00bbcenter\u00bb custom_margin=\u00bb|||13px\u00bb]<\/p>\n<p>ENLACES<\/p>\n<p>&nbsp;<\/p>\n<p>[\/et_pb_text][et_pb_text global_parent=\u00bb1408&#8243; _builder_version=\u00bb3.20.2&#8243; text_text_color=\u00bb#898989&#8243; text_font_size=\u00bb18px\u00bb text_orientation=\u00bbcenter\u00bb custom_margin=\u00bb-49px||\u00bb custom_padding=\u00bb0px||\u00bb]<\/p>\n<p><span><a href=\"\/grupokin\/blog\/\">Blog<\/a><\/span><\/p>\n<p>&nbsp;<\/p>\n<\/p>\n<p>[\/et_pb_text][et_pb_text global_parent=\u00bb1408&#8243; _builder_version=\u00bb3.20.2&#8243; text_font=\u00bb|700|||||||\u00bb text_text_color=\u00bb#FBB040&#8243; text_font_size=\u00bb27px\u00bb header_font=\u00bb||||||||\u00bb text_orientation=\u00bbcenter\u00bb custom_margin=\u00bb|||13px\u00bb]<\/p>\n<p>CONTACTO<\/p>\n<p>&nbsp;<\/p>\n<p>[\/et_pb_text][et_pb_text global_parent=\u00bb1408&#8243; _builder_version=\u00bb3.20.2&#8243; text_font=\u00bb||||||||\u00bb text_text_color=\u00bb#898989&#8243; text_font_size=\u00bb18px\u00bb text_orientation=\u00bbcenter\u00bb custom_margin=\u00bb-49px||\u00bb custom_padding=\u00bb0px||\u00bb]<\/p>\n<p><span><a href=\"\/grupokin\/contacto\/\">Cont\u00e1ctanos<\/a><\/span><\/p>\n<p>&nbsp;<\/p>\n<p>[\/et_pb_text][\/et_pb_column][et_pb_column type=\u00bb1_4&#8243;][\/et_pb_column][\/et_pb_row][\/et_pb_section]<\/p>\n","protected":false},"excerpt":{"rendered":"<p>[et_pb_section bb_built=\u00bb1&#8243; fullwidth=\u00bbon\u00bb _builder_version=\u00bb3.20.2&#8243; next_background_color=\u00bb#000000&#8243;][et_pb_fullwidth_menu menu_id=\u00bb7&#8243; fullwidth_menu=\u00bbon\u00bb dropdown_menu_bg_color=\u00bbrgba(0,75,155,0.89)\u00bb _builder_version=\u00bb3.20.2&#8243; menu_font=\u00bbChivo|600|||||||\u00bb menu_text_color=\u00bb#fcfcfc\u00bb menu_font_size=\u00bb17px\u00bb background_color=\u00bbrgba(0,88,169,0)\u00bb text_orientation=\u00bbright\u00bb custom_margin=\u00bb||-106px\u00bb] [\/et_pb_fullwidth_menu][\/et_pb_section][et_pb_section bb_built=\u00bb1&#8243; _builder_version=\u00bb3.20.2&#8243; use_background_color_gradient=\u00bbon\u00bb background_color_gradient_start=\u00bbrgba(0,0,0,0.22)\u00bb background_color_gradient_end=\u00bbrgba(0,0,0,0.22)\u00bb background_color_gradient_overlays_image=\u00bbon\u00bb background_image=\u00bb\/grupokin\/wp-content\/uploads\/2019\/07\/DESARENADOR-PRINCIPAL1.jpg\u00bb custom_margin=\u00bb-50px||\u00bb custom_padding=\u00bb86px|0px|168px|0px\u00bb prev_background_color=\u00bb#ffffff\u00bb next_background_color=\u00bb#ffffff\u00bb][et_pb_row make_fullwidth=\u00bbon\u00bb use_custom_gutter=\u00bbon\u00bb gutter_width=\u00bb1&#8243; custom_padding=\u00bb0px|0px|0px|0px\u00bb _builder_version=\u00bb3.20.2&#8243; background_color=\u00bbrgba(255,255,255,0.75)\u00bb][et_pb_column type=\u00bb4_4&#8243;][et_pb_image src=\u00bb\/grupokin\/wp-content\/uploads\/2019\/05\/1-4.png\u00bb _builder_version=\u00bb3.20.2&#8243; max_width=\u00bb31%\u00bb module_alignment=\u00bbleft\u00bb custom_margin=\u00bb|||\u00bb custom_padding=\u00bb|||8%\u00bb align=\u00bbcenter\u00bb] [\/et_pb_image][\/et_pb_column][\/et_pb_row][\/et_pb_section][et_pb_section bb_built=\u00bb1&#8243; admin_label=\u00bbCase Study Text\u00bb _builder_version=\u00bb3.20.2&#8243; custom_margin=\u00bb|||\u00bb custom_padding=\u00bb19px||4px|\u00bb prev_background_color=\u00bb#000000&#8243; next_background_color=\u00bb#f7f7f7&#8243;][et_pb_row custom_padding=\u00bb4px|0px|39px|0px\u00bb _builder_version=\u00bb3.20.2&#8243;][et_pb_column type=\u00bb3_5&#8243;][et_pb_text _builder_version=\u00bb3.20.2&#8243; [&hellip;]<\/p>\n","protected":false},"author":1,"featured_media":0,"parent":0,"menu_order":0,"comment_status":"closed","ping_status":"closed","template":"page-template-blank.php","meta":{"_et_pb_use_builder":"on","_et_pb_old_content":"","footnotes":""},"yst_prominent_words":[44,47,37,45,24,43,36,34,35,158,40,39,157,46,42,41],"_links":{"self":[{"href":"https:\/\/grupokin.com.gt\/grupokin\/wp-json\/wp\/v2\/pages\/111"}],"collection":[{"href":"https:\/\/grupokin.com.gt\/grupokin\/wp-json\/wp\/v2\/pages"}],"about":[{"href":"https:\/\/grupokin.com.gt\/grupokin\/wp-json\/wp\/v2\/types\/page"}],"author":[{"embeddable":true,"href":"https:\/\/grupokin.com.gt\/grupokin\/wp-json\/wp\/v2\/users\/1"}],"replies":[{"embeddable":true,"href":"https:\/\/grupokin.com.gt\/grupokin\/wp-json\/wp\/v2\/comments?post=111"}],"version-history":[{"count":81,"href":"https:\/\/grupokin.com.gt\/grupokin\/wp-json\/wp\/v2\/pages\/111\/revisions"}],"predecessor-version":[{"id":1789,"href":"https:\/\/grupokin.com.gt\/grupokin\/wp-json\/wp\/v2\/pages\/111\/revisions\/1789"}],"wp:attachment":[{"href":"https:\/\/grupokin.com.gt\/grupokin\/wp-json\/wp\/v2\/media?parent=111"}],"wp:term":[{"taxonomy":"yst_prominent_words","embeddable":true,"href":"https:\/\/grupokin.com.gt\/grupokin\/wp-json\/wp\/v2\/yst_prominent_words?post=111"}],"curies":[{"name":"wp","href":"https:\/\/api.w.org\/{rel}","templated":true}]}}